{"id":2,"date":"2006-08-01T15:22:25","date_gmt":"2006-08-01T15:22:25","guid":{"rendered":"http:\/\/soi57.net\/articles\/about\/"},"modified":"2019-05-02T16:03:51","modified_gmt":"2019-05-02T15:03:51","slug":"acerca-de-mi","status":"publish","type":"page","link":"https:\/\/soi57.net\/blog\/acerca-de-mi\/","title":{"rendered":"Acerca de mi"},"content":{"rendered":"<p>Soy un friki que me compr\u00f3 un pc en el 2001 y termin\u00f3 estudiando <strong>administraci\u00f3n de sistemas<\/strong>. El \u00faltimo ordenador que vi fue un Spectrum a mediados de los 80 y lo \u00faltimo que hice fue poner load \u00ab\u00bb.<\/p>\n<p>Ahora me gusta <strong>programar<\/strong>, aprender sobre <strong>redes y sistemas<\/strong> y todo lo relacionado con la telefon\u00eda, movil o por internet (VoIP). Hace poco que estoy leyendo sobre <strong>seo<\/strong> y t\u00e9cnicas de marketing en internet. Y cada vez me gustan m\u00e1s los sistemas operativos para m\u00f3viles.<\/p>\n<p>a d m i n @ s o i 5 7 . n e t<\/p>\n<div style='text-align:left' class='yasr-auto-insert-visitor'><\/div>","protected":false},"excerpt":{"rendered":"<p>Soy un friki que me compr\u00f3 un pc en el 2001 y termin\u00f3 estudiando administraci\u00f3n de sistemas. El \u00faltimo ordenador que vi fue un Spectrum a mediados de los 80 &hellip; <\/p>\n","protected":false},"author":1,"featured_media":0,"parent":0,"menu_order":0,"comment_status":"open","ping_status":"open","template":"","meta":{"yasr_overall_rating":0,"yasr_post_is_review":"","yasr_auto_insert_disabled":"","yasr_review_type":"","footnotes":""},"class_list":["post-2","page","type-page","status-publish","hentry"],"yoast_head":"<!-- This site is optimized with the Yoast SEO plugin v24.6 - https:\/\/yoast.com\/wordpress\/plugins\/seo\/ -->\n<title>Acerca de mi<\/title>\n<meta name=\"robots\" content=\"index, follow, max-snippet:-1, max-image-preview:large, max-video-preview:-1\" \/>\n<link rel=\"canonical\" href=\"https:\/\/soi57.net\/blog\/acerca-de-mi\/\" \/>\n<meta property=\"og:locale\" content=\"es_ES\" \/>\n<meta property=\"og:type\" content=\"article\" \/>\n<meta property=\"og:title\" content=\"Acerca de mi\" \/>\n<meta property=\"og:description\" content=\"Soy un friki que me compr\u00f3 un pc en el 2001 y termin\u00f3 estudiando administraci\u00f3n de sistemas. El \u00faltimo ordenador que vi fue un Spectrum a mediados de los 80 &hellip;\" \/>\n<meta property=\"og:url\" content=\"https:\/\/soi57.net\/blog\/acerca-de-mi\/\" \/>\n<meta property=\"og:site_name\" content=\"Android, administracion de sistemas y seo\" \/>\n<meta property=\"article:modified_time\" content=\"2019-05-02T15:03:51+00:00\" \/>\n<meta name=\"twitter:card\" content=\"summary_large_image\" \/>\n<script type=\"application\/ld+json\" class=\"yoast-schema-graph\">{\"@context\":\"https:\/\/schema.org\",\"@graph\":[{\"@type\":\"WebPage\",\"@id\":\"https:\/\/soi57.net\/blog\/acerca-de-mi\/\",\"url\":\"https:\/\/soi57.net\/blog\/acerca-de-mi\/\",\"name\":\"Acerca de mi\",\"isPartOf\":{\"@id\":\"https:\/\/soi57.net\/blog\/#website\"},\"datePublished\":\"2006-08-01T15:22:25+00:00\",\"dateModified\":\"2019-05-02T15:03:51+00:00\",\"breadcrumb\":{\"@id\":\"https:\/\/soi57.net\/blog\/acerca-de-mi\/#breadcrumb\"},\"inLanguage\":\"es\",\"potentialAction\":[{\"@type\":\"ReadAction\",\"target\":[\"https:\/\/soi57.net\/blog\/acerca-de-mi\/\"]}]},{\"@type\":\"BreadcrumbList\",\"@id\":\"https:\/\/soi57.net\/blog\/acerca-de-mi\/#breadcrumb\",\"itemListElement\":[{\"@type\":\"ListItem\",\"position\":1,\"name\":\"Portada\",\"item\":\"https:\/\/soi57.net\/blog\/\"},{\"@type\":\"ListItem\",\"position\":2,\"name\":\"Acerca de mi\"}]},{\"@type\":\"WebSite\",\"@id\":\"https:\/\/soi57.net\/blog\/#website\",\"url\":\"https:\/\/soi57.net\/blog\/\",\"name\":\"Android, administracion de sistemas y seo\",\"description\":\"soi57.net\/blog\",\"publisher\":{\"@id\":\"https:\/\/soi57.net\/blog\/#organization\"},\"potentialAction\":[{\"@type\":\"SearchAction\",\"target\":{\"@type\":\"EntryPoint\",\"urlTemplate\":\"https:\/\/soi57.net\/blog\/?s={search_term_string}\"},\"query-input\":{\"@type\":\"PropertyValueSpecification\",\"valueRequired\":true,\"valueName\":\"search_term_string\"}}],\"inLanguage\":\"es\"},{\"@type\":\"Organization\",\"@id\":\"https:\/\/soi57.net\/blog\/#organization\",\"name\":\"Soi57.Net\",\"url\":\"https:\/\/soi57.net\/blog\/\",\"logo\":{\"@type\":\"ImageObject\",\"inLanguage\":\"es\",\"@id\":\"https:\/\/soi57.net\/blog\/#\/schema\/logo\/image\/\",\"url\":\"https:\/\/soi57.net\/blog\/wp-content\/logo_soi57.net_half.jpg\",\"contentUrl\":\"https:\/\/soi57.net\/blog\/wp-content\/logo_soi57.net_half.jpg\",\"width\":342,\"height\":77,\"caption\":\"Soi57.Net\"},\"image\":{\"@id\":\"https:\/\/soi57.net\/blog\/#\/schema\/logo\/image\/\"}},false]}<\/script>\n<!-- \/ Yoast SEO plugin. -->","yoast_head_json":{"title":"Acerca de mi","robots":{"index":"index","follow":"follow","max-snippet":"max-snippet:-1","max-image-preview":"max-image-preview:large","max-video-preview":"max-video-preview:-1"},"canonical":"https:\/\/soi57.net\/blog\/acerca-de-mi\/","og_locale":"es_ES","og_type":"article","og_title":"Acerca de mi","og_description":"Soy un friki que me compr\u00f3 un pc en el 2001 y termin\u00f3 estudiando administraci\u00f3n de sistemas. El \u00faltimo ordenador que vi fue un Spectrum a mediados de los 80 &hellip;","og_url":"https:\/\/soi57.net\/blog\/acerca-de-mi\/","og_site_name":"Android, administracion de sistemas y seo","article_modified_time":"2019-05-02T15:03:51+00:00","twitter_card":"summary_large_image","schema":{"@context":"https:\/\/schema.org","@graph":[{"@type":"WebPage","@id":"https:\/\/soi57.net\/blog\/acerca-de-mi\/","url":"https:\/\/soi57.net\/blog\/acerca-de-mi\/","name":"Acerca de mi","isPartOf":{"@id":"https:\/\/soi57.net\/blog\/#website"},"datePublished":"2006-08-01T15:22:25+00:00","dateModified":"2019-05-02T15:03:51+00:00","breadcrumb":{"@id":"https:\/\/soi57.net\/blog\/acerca-de-mi\/#breadcrumb"},"inLanguage":"es","potentialAction":[{"@type":"ReadAction","target":["https:\/\/soi57.net\/blog\/acerca-de-mi\/"]}]},{"@type":"BreadcrumbList","@id":"https:\/\/soi57.net\/blog\/acerca-de-mi\/#breadcrumb","itemListElement":[{"@type":"ListItem","position":1,"name":"Portada","item":"https:\/\/soi57.net\/blog\/"},{"@type":"ListItem","position":2,"name":"Acerca de mi"}]},{"@type":"WebSite","@id":"https:\/\/soi57.net\/blog\/#website","url":"https:\/\/soi57.net\/blog\/","name":"Android, administracion de sistemas y seo","description":"soi57.net\/blog","publisher":{"@id":"https:\/\/soi57.net\/blog\/#organization"},"potentialAction":[{"@type":"SearchAction","target":{"@type":"EntryPoint","urlTemplate":"https:\/\/soi57.net\/blog\/?s={search_term_string}"},"query-input":{"@type":"PropertyValueSpecification","valueRequired":true,"valueName":"search_term_string"}}],"inLanguage":"es"},{"@type":"Organization","@id":"https:\/\/soi57.net\/blog\/#organization","name":"Soi57.Net","url":"https:\/\/soi57.net\/blog\/","logo":{"@type":"ImageObject","inLanguage":"es","@id":"https:\/\/soi57.net\/blog\/#\/schema\/logo\/image\/","url":"https:\/\/soi57.net\/blog\/wp-content\/logo_soi57.net_half.jpg","contentUrl":"https:\/\/soi57.net\/blog\/wp-content\/logo_soi57.net_half.jpg","width":342,"height":77,"caption":"Soi57.Net"},"image":{"@id":"https:\/\/soi57.net\/blog\/#\/schema\/logo\/image\/"}},false]}},"yasr_visitor_votes":{"stars_attributes":{"read_only":false,"span_bottom":false},"number_of_votes":0,"sum_votes":0},"_links":{"self":[{"href":"https:\/\/soi57.net\/blog\/wp-json\/wp\/v2\/pages\/2","targetHints":{"allow":["GET"]}}],"collection":[{"href":"https:\/\/soi57.net\/blog\/wp-json\/wp\/v2\/pages"}],"about":[{"href":"https:\/\/soi57.net\/blog\/wp-json\/wp\/v2\/types\/page"}],"author":[{"embeddable":true,"href":"https:\/\/soi57.net\/blog\/wp-json\/wp\/v2\/users\/1"}],"replies":[{"embeddable":true,"href":"https:\/\/soi57.net\/blog\/wp-json\/wp\/v2\/comments?post=2"}],"version-history":[{"count":38,"href":"https:\/\/soi57.net\/blog\/wp-json\/wp\/v2\/pages\/2\/revisions"}],"predecessor-version":[{"id":1719,"href":"https:\/\/soi57.net\/blog\/wp-json\/wp\/v2\/pages\/2\/revisions\/1719"}],"wp:attachment":[{"href":"https:\/\/soi57.net\/blog\/wp-json\/wp\/v2\/media?parent=2"}],"curies":[{"name":"wp","href":"https:\/\/api.w.org\/{rel}","templated":true}]}}